{"id":18638,"date":"2016-06-24T11:34:58","date_gmt":"2016-06-24T09:34:58","guid":{"rendered":"https:\/\/h-c.it.graffitiweb.site\/domande-e-risposte\/"},"modified":"2026-04-19T09:13:37","modified_gmt":"2026-04-19T07:13:37","slug":"fragen-und-antworten","status":"publish","type":"page","link":"https:\/\/www.h-c.it\/de\/fragen-und-antworten\/","title":{"rendered":"F.A.Q."},"content":{"rendered":"<div id=\"cmsmasters_row_8ac4aee49c\" class=\"cmsmasters_row cmsmasters_color_scheme_default cmsmasters_row_top_default cmsmasters_row_bot_default cmsmasters_row_boxed\">\n<div class=\"cmsmasters_row_outer_parent\">\n<div class=\"cmsmasters_row_outer\">\n<div class=\"cmsmasters_row_inner\">\n<div class=\"cmsmasters_row_margin\">\n<div id=\"cmsmasters_column_e582161aa9\" class=\"cmsmasters_column one_first\">\n<div class=\"cmsmasters_column_inner\"><div id=\"cmsmasters_heading_bfdce427a6\" class=\"cmsmasters_heading_wrap cmsmasters_heading_align_center\">\n\t<h1 class=\"cmsmasters_heading\">INFO \/ F.A.Q.<\/h1>\n<\/div>\n<\/div><\/div>\n<\/div>\n<\/div>\n<\/div>\n<\/div>\n<\/div>\n<div id=\"cmsmasters_row_08789a844c\" class=\"cmsmasters_row cmsmasters_color_scheme_default cmsmasters_row_top_default cmsmasters_row_bot_default cmsmasters_row_boxed\">\n<div class=\"cmsmasters_row_outer_parent\">\n<div class=\"cmsmasters_row_outer\">\n<div class=\"cmsmasters_row_inner\">\n<div class=\"cmsmasters_row_margin\">\n<div id=\"cmsmasters_column_47eab51898\" class=\"cmsmasters_column one_half\">\n<div class=\"cmsmasters_column_inner\"><div class=\"cmsmasters_text\">\n<div class=\"one-half column-block \"><strong>Das Hotel Castello Lake Front liegt mitten in Malcesine, nur 50 Meter von der Ort zentrum und 150 Meter von der Seilbahn zum Monte Baldo entfernt. Neben dem botanischen Garten erreichen unsere werten G\u00e4ste auch das internationale Regattafeld in nur f\u00fcnf Autominuten.<\/strong><\/div>\n<\/div>\n<div class=\"cmsmasters_text\">\n<p>&nbsp;<\/p>\n<p style=\"text-align: right;\"><strong>Probieren Sie unsere neue Web-App aus:<\/strong><\/p>\n<\/div>\n<div id=\"cmsmasters_divider_o0i7ak9t2k\" class=\"cmsmasters_divider cmsmasters_divider_width_long cmsmasters_divider_pos_center\"><\/div>\n<div class=\"cmsmasters_toggles toggles_mode_accordion\">\n<div class=\"cmsmasters_toggle_wrap\" data-tags=\"all \">\n<div class=\"cmsmasters_toggle_title\">\n<span class=\"cmsmasters_toggle_plus\">\n<span class=\"cmsmasters_toggle_plus_hor\"><\/span>\n<span class=\"cmsmasters_toggle_plus_vert\"><\/span>\n<\/span>\n<a href=\"#\">Reservierungen<\/a>\n<\/div>\n<div class=\"cmsmasters_toggle\">\n<div class=\"cmsmasters_toggle_inner\">\n<div id=\"hero-section\" class=\"header-hero-section\">\n<div class=\"header-hero-custom-section\">\n<div class=\"hero-section-wrap be-section full-no be-bg-cover be-bg-overlay clearfix\"><\/div>\n<\/div>\n<\/div>\n<div class=\"be-row be-wrap clearfix\">\n<div class=\"two-third column-block \">\n<div class=\"be-row be-wrap clearfix\">\n<div class=\" column-block \">\n<p><strong>Als Gruppe kleiner, familiengef\u00fchrter Hotels akzeptieren wir keine gro\u00dfen Gruppen (Hochzeiten, Veranstaltungen, usw.).<\/strong><\/p>\n<\/div>\n<p>F\u00fcr Reservierungen ist ein Mindestaufenthalt von 3\/5 N\u00e4chten erforderlich (h\u00e4ngt vom gew\u00e4hlten Hotel\/Loft ab).<\/p>\n<p>Reservierungen f\u00fcr weniger N\u00e4chte sind ca. 2 Monate nach der geplanten Ankunft m\u00f6glich.<\/p>\n<p>Im Falle Ihrer Buchung erhalten Sie von uns eine schriftliche Best\u00e4tigung mit der Aufforderung zur Anzahlung (ansonsten gilt das Zimmer als nicht gebucht).<\/p>\n<\/div>\n<\/div>\n<\/div>\n<\/div>\n<\/div>\n<\/div><div class=\"cmsmasters_toggle_wrap\" data-tags=\"all \">\n<div class=\"cmsmasters_toggle_title\">\n<span class=\"cmsmasters_toggle_plus\">\n<span class=\"cmsmasters_toggle_plus_hor\"><\/span>\n<span class=\"cmsmasters_toggle_plus_vert\"><\/span>\n<\/span>\n<a href=\"#\">Check in - Check out<\/a>\n<\/div>\n<div class=\"cmsmasters_toggle\">\n<div class=\"cmsmasters_toggle_inner\">\n<div class=\"one-half column-block \">\n<p><strong>Check-in und Check-out an der Rezeption des Hotel Castello.<\/strong><\/p>\n<p>Check in ab 14.00 <strong>bis 23.00 Uhr<\/strong> verf\u00fcgbar. Check-out ist um 10.00 Uhr.<\/p>\n<p>Nach dem Auschecken ist es auf Anfrage m\u00f6glich, bis 14.00 Uhr auf dem Parkplatz zu parken (dann ben\u00f6tigen wir alle verf\u00fcgbaren Parkpl\u00e4tze f\u00fcr neu ankommende G\u00e4ste!).<\/p>\n<p><strong>Visa, Mastercard und EZKarte<\/strong> werden akzeptiert.<\/p>\n<p>Bei <strong>BARZAHLUNG<\/strong> am <strong>ANREISETAG (ausschliesslich!)<\/strong> gew\u00e4hren wir 5 % Rabatt.<\/p>\n<\/div>\n<\/div>\n<\/div>\n<\/div><div class=\"cmsmasters_toggle_wrap\" data-tags=\"all \">\n<div class=\"cmsmasters_toggle_title\">\n<span class=\"cmsmasters_toggle_plus\">\n<span class=\"cmsmasters_toggle_plus_hor\"><\/span>\n<span class=\"cmsmasters_toggle_plus_vert\"><\/span>\n<\/span>\n<a href=\"#\">Fr\u00fchst\u00fcck - Mahlzeiten<\/a>\n<\/div>\n<div class=\"cmsmasters_toggle\">\n<div class=\"cmsmasters_toggle_inner\">\n<p>Fr\u00fchst\u00fcckbuffet wird <strong>von 07.00 bis 10.30 <\/strong>Uhr serviert (Hotel Luna Rossa 07.30 &#8211; 10.00).<\/p>\n<p>Das Fr\u00fchst\u00fccksbuffet muss im Fr\u00fchst\u00fccksraum eingenommen werden: <strong>Essen und Trinken kann nicht weggenommen werden.<\/strong><\/p>\n<p>Zus\u00e4tzliche Fr\u00fchst\u00fccksbuffets (zum Beispiel f\u00fcr ausw\u00e4rtige G\u00e4ste) kosten 25,00 Euro pro Person.<\/p>\n<p>Der Zimmerservice (room-service) ist gegen einen Aufpreis von 10,00 Euro pro Person verf\u00fcgbar (Hotel Castello und Living Suite).<\/p>\n<p><a href=\"https:\/\/www.h-c.it\/de\/restaurant\/\" target=\"_blank\" rel=\"noopener\">Mittagessen und Abendessen<\/a><\/p>\n<p>Es ist nicht m\u00f6glich einen bestimmten Tisch f\u00fcr das Abendessen zu reservieren.<\/p>\n<\/div>\n<\/div>\n<\/div><div class=\"cmsmasters_toggle_wrap\" data-tags=\"all \">\n<div class=\"cmsmasters_toggle_title\">\n<span class=\"cmsmasters_toggle_plus\">\n<span class=\"cmsmasters_toggle_plus_hor\"><\/span>\n<span class=\"cmsmasters_toggle_plus_vert\"><\/span>\n<\/span>\n<a href=\"#\">Stornierung<\/a>\n<\/div>\n<div class=\"cmsmasters_toggle\">\n<div class=\"cmsmasters_toggle_inner\">\n<p><strong>Die unten aufgef\u00fchrten Strafen beruhen auf Gegenseitigkeit: Sie gelten sowohl f\u00fcr das Hotel als auch f\u00fcr den buchenden Kunden.<\/strong><\/p>\n<p>&nbsp;<\/p>\n<p>Wir empfehlen Ihnen herzlich eine\u00a0<b>Urlaubsversicherung abzuschliessen:<\/b><br \/>\nIm Falle einer Stornierung der Reservierung werden Sie zur\u00fcckerstattet. Denken Sie dar\u00fcber nach &#8230;<\/p>\n<p>Versicherungslink: <a href=\"https:\/\/www.care4uhotel.com\/de\/care4uhotel\">https:\/\/www.care4uhotel.com\/de\/care4uhotel<\/a><\/p>\n<p>&nbsp;<\/p>\n<p><strong>Wir informieren Sie, dass im Falle einer Storno (oder \u00c4nderung) von <\/strong><strong>Reservierung im voraus bezahlt, nicht r\u00fcckzahlbar: <\/strong><\/p>\n<p>Der Gesamtbetrag der Buchung ist am Tag der Buchung f\u00e4llig. Alle Stornierungen, \u00c4nderungen oder Nichtanreisen werden mit\u00a0<strong>100 Prozent<\/strong> des Preises der gesamten Buchung berechnet.<\/p>\n<p>&nbsp;<\/p>\n<p><strong>Reservierung mit einer Anzahlung garantiert:<\/strong><\/p>\n<p>&#8211; bis 15 Tage vor dem Anreisetag (check in), ist kostenlos.<br \/>\n&#8211; ab 14 Tage vor dem Anreisetag (check in), das Anzahlung wird verloren.<\/p>\n<\/div>\n<\/div>\n<\/div><div class=\"cmsmasters_toggle_wrap\" data-tags=\"all \">\n<div class=\"cmsmasters_toggle_title\">\n<span class=\"cmsmasters_toggle_plus\">\n<span class=\"cmsmasters_toggle_plus_hor\"><\/span>\n<span class=\"cmsmasters_toggle_plus_vert\"><\/span>\n<\/span>\n<a href=\"#\">Fr\u00fche Abreise - Sp\u00e4te Ankunft<\/a>\n<\/div>\n<div class=\"cmsmasters_toggle\">\n<div class=\"cmsmasters_toggle_inner\">\n<p>Bricht der Gast seinen <strong>Aufenthalt vorzeitig<\/strong> ab, so ist er, verpflichtet, muss er dennoch den vollen Betrag bezahlen.<\/p>\n<p>Die <strong>versp\u00e4tete Ankunft<\/strong>\u00a0des Gastes berechtigt diesen nicht zur Verl\u00e4ngerung des Aufenthalts bzw. befreit diesen nicht von seiner Zahlungsverpflichtung hinsichtlich des gebuchten aber nicht durchgef\u00fchrten Aufenthalts.<\/p>\n<\/div>\n<\/div>\n<\/div><\/div>\n<\/div><\/div>\n<div id=\"cmsmasters_column_1a26fc2fea\" class=\"cmsmasters_column one_half\">\n<div class=\"cmsmasters_column_inner\"><div class=\"cmsmasters_text\">\n<div class=\"one-half column-block \">Malcesine am Gardasee ist ber\u00fchmt f\u00fcr die m\u00e4chtige Scaligerburg, die &#8211; am Felsen errichtet &#8211; \u00fcber die Ortschaft dominiert. Danke der g\u00fcnstigen Lage zwischen dem Monte Baldo und dem Gardasee sowie der mittelalterlichen Altstadt, z\u00e4hlt Malcesine zu den beliebtesten Fremdenverkehrsorten.<\/div>\n<\/div>\n<div class=\"cmsmasters_text\">\n<p>&nbsp;<\/p>\n<p style=\"text-align: left;\"><a href=\"https:\/\/portal.gastfreund.net\/hotel-castello-lake-front?language=de\" target=\"_blank\" rel=\"noopener\"><strong>\u00a0Hier klicken<\/strong><\/a><\/p>\n<\/div>\n<div id=\"cmsmasters_divider_4fxl3f0km7\" class=\"cmsmasters_divider cmsmasters_divider_width_long cmsmasters_divider_pos_center\"><\/div>\n<div class=\"cmsmasters_toggles toggles_mode_accordion\">\n<div class=\"cmsmasters_toggle_wrap\" data-tags=\"all \">\n<div class=\"cmsmasters_toggle_title\">\n<span class=\"cmsmasters_toggle_plus\">\n<span class=\"cmsmasters_toggle_plus_hor\"><\/span>\n<span class=\"cmsmasters_toggle_plus_vert\"><\/span>\n<\/span>\n<a href=\"#\">Extra Preis<\/a>\n<\/div>\n<div class=\"cmsmasters_toggle\">\n<div class=\"cmsmasters_toggle_inner\">\n<ul>\n<li>*Kinder von 0 bis 2 Jahren, + Euro 20,00, mit oder ohne Kinderbett<\/li>\n<li>*Kinder\/Babys von 2 bis 17 Jahren im Zimmer der Eltern, + Euro 30,00, mit oder ohne Kinderbett<\/li>\n<li>*Zusatzbett f\u00fcr Erwachsene im Doppelzimmer, + Euro 30,00<\/li>\n<li>Der Hund, der auf Anfrage akzeptiert wird, kostet Euro 25,00 pro Tag (in Luna Rossa 15,00).<\/li>\n<li>Die Boje kostet Euro 20,00 pro Tag.<\/li>\n<li>Minibar: Alle Getr\u00e4nke sind kostenpflichtig, der Preis wird auf dem Fernseher angezeigt.<\/li>\n<li>Kurtaxe 2026 = Euro 2,00 pro Person und Tag.<\/li>\n<\/ul>\n<p>*Ausschlie\u00dflich in Zimmern\/Suiten, in denen eine dritte Person erwartet wird und die ausreichend gro\u00df sind, auf Anfrage.<\/p>\n<\/div>\n<\/div>\n<\/div><div class=\"cmsmasters_toggle_wrap\" data-tags=\"all \">\n<div class=\"cmsmasters_toggle_title\">\n<span class=\"cmsmasters_toggle_plus\">\n<span class=\"cmsmasters_toggle_plus_hor\"><\/span>\n<span class=\"cmsmasters_toggle_plus_vert\"><\/span>\n<\/span>\n<a href=\"#\">Haustiere<\/a>\n<\/div>\n<div class=\"cmsmasters_toggle\">\n<div class=\"cmsmasters_toggle_inner\">\n<section id=\"content\" class=\"no-sidebar-page\">\n<div id=\"content-wrap\" class=\"page-builder\">\n<div id=\"section2\" class=\"be-section clearfix\" data-headerscheme=\"background--dark\">\n<div class=\"be-section-pad clearfix\">\n<div class=\"be-row zero-bottom be-no-space\">\n<div class=\"one-half column-block be-column-pad\">\n<p><strong>EINIGE KLEINE WARNUNGEN f\u00fcr das friedliche Zusammenleben aller Hotelg\u00e4ste<\/strong><\/p>\n<\/div>\n<\/div>\n<\/div>\n<\/div>\n<\/div>\n<\/section>\n<div class=\"be-row be-wrap clearfix\">\n<div class=\"one-half column-block \">\n<ul class=\"custom-list\">\n<li class=\"custom-list-content\"><i class=\"font-icon icon-check \"><\/i>Wir akzeptieren eine begrenzte Anzahl von G\u00e4sten mit Haustieren (und max 1 pro Zimmer!), um einen angenehmen Aufenthalt f\u00fcr alle zu gew\u00e4hrleisten.<\/li>\n<li class=\"custom-list-content\">Ein gut erzogener, <strong>angeleinter Hund<\/strong> kann Sie w\u00e4hrend Ihres Aufenthalts im Hotel frei begleiten.<\/li>\n<li class=\"custom-list-content\">Sie k\u00f6nnen Ihren Hund zum Abendessen mitbringen, wir reservieren f\u00fcr Sie einen Tisch in einem speziellen Bereich.<\/li>\n<li>Im Fr\u00fchst\u00fccksraum ist der Hund von 7.00 bis 8.30 Uhr und ab 10.00 Uhr erlaubt. Im Luna Rossa von 7.30 bis 8.30 Uhr.<\/li>\n<li>Der Hund hockt auf dem Boden (keine St\u00fchle, Strandliegen, o.\u00e4.).<\/li>\n<li>Bitte verwenden Sie f\u00fcr Ihren Hund keine Hotelhandt\u00fccher\/Strandt\u00fccher.<\/li>\n<li class=\"custom-list-content\">Wir berechnen 25 Euro pro Hund\/Tag. Im Luna Rossa 15 Euro.<\/li>\n<\/ul>\n<\/div>\n<div class=\"one-half column-block \"><\/div>\n<\/div>\n<\/div>\n<\/div>\n<\/div><div class=\"cmsmasters_toggle_wrap\" data-tags=\"all \">\n<div class=\"cmsmasters_toggle_title\">\n<span class=\"cmsmasters_toggle_plus\">\n<span class=\"cmsmasters_toggle_plus_hor\"><\/span>\n<span class=\"cmsmasters_toggle_plus_vert\"><\/span>\n<\/span>\n<a href=\"#\">Wo Sind Wir<\/a>\n<\/div>\n<div class=\"cmsmasters_toggle\">\n<div class=\"cmsmasters_toggle_inner\">\n<p>Sie finden uns im historischen Zentrum von Malcesine, das durch einen kleinen eingeschr\u00e4nkten Verkehrsbereich f\u00fchrt (Sie ben\u00f6tigen keine Erlaubnis: gerade Durchlauf!).<\/p>\n<p>Beim Check-in m\u00fcssen wir das Nummernschild des Autos\/Motorrads registrieren.<\/p>\n<p><a href=\"https:\/\/www.h-c.it\/wp-content\/uploads\/2025\/05\/mappa.jpg\" target=\"_blank\" rel=\"noopener\">MAP<\/a><\/p>\n<\/div>\n<\/div>\n<\/div><div class=\"cmsmasters_toggle_wrap\" data-tags=\"all \">\n<div class=\"cmsmasters_toggle_title\">\n<span class=\"cmsmasters_toggle_plus\">\n<span class=\"cmsmasters_toggle_plus_hor\"><\/span>\n<span class=\"cmsmasters_toggle_plus_vert\"><\/span>\n<\/span>\n<a href=\"#\">Video<\/a>\n<\/div>\n<div class=\"cmsmasters_toggle\">\n<div class=\"cmsmasters_toggle_inner\">\n<p><a href=\"https:\/\/youtu.be\/s77JuywfBJc\" target=\"_blank\" rel=\"noopener\">DAS VIDEO ANSEHEN<\/a><\/p>\n<\/div>\n<\/div>\n<\/div><div class=\"cmsmasters_toggle_wrap\" data-tags=\"all \">\n<div class=\"cmsmasters_toggle_title\">\n<span class=\"cmsmasters_toggle_plus\">\n<span class=\"cmsmasters_toggle_plus_hor\"><\/span>\n<span class=\"cmsmasters_toggle_plus_vert\"><\/span>\n<\/span>\n<a href=\"#\">Firmenangaben<\/a>\n<\/div>\n<div class=\"cmsmasters_toggle\">\n<div class=\"cmsmasters_toggle_inner\">\n<div id=\"hero-section\" class=\"header-hero-section\">\n<div class=\"header-hero-custom-section\">\n<div class=\"hero-section-wrap be-section full-no be-bg-cover be-bg-overlay clearfix\">\n<div class=\"section-overlay\">S. Anna s.r.l.<\/div>\n<\/div>\n<\/div>\n<\/div>\n<div class=\"be-row be-wrap clearfix\">\n<div class=\"two-third column-block \">\n<div class=\"be-row be-wrap clearfix\">\n<div class=\" column-block \">\n<p>Via Paina 21<\/p>\n<p>37018 Malcesine VR Italia<\/p>\n<p>tel. +39 0457400233<\/p>\n<p>info@h-c.it<\/p>\n<p>&nbsp;<\/p>\n<\/div>\n<p>P.I. 01285000236<\/p>\n<div class=\" column-block \">\n<p>Reg. Imp. VR 172061<\/p>\n<p>Capitale Soc. 10.400,00<\/p>\n<p>Posta Certificata: treccani@pec.h-c.it<\/p>\n<p>SDI: P62QHVQ<\/p>\n<p>&nbsp;<\/p>\n<p>Bank: Cassa Rurale AltoGarda &#8211; Filiale Malcesine<\/p>\n<p>Iban: IT74 Q080 1659 5510 0001 8002 993<\/p>\n<p>Swift (BIC): c c r t i t 2 t 0 4 a<\/p>\n<\/div>\n<\/div>\n<\/div>\n<\/div>\n<\/div>\n<\/div>\n<\/div><\/div>\n<\/div><\/div>\n<\/div>\n<\/div>\n<\/div>\n<\/div>\n<\/div>\n<div id=\"cmsmasters_row_sxg5sde45i\" class=\"cmsmasters_row cmsmasters_color_scheme_default cmsmasters_row_top_default cmsmasters_row_bot_default cmsmasters_row_boxed\">\n<div class=\"cmsmasters_row_outer_parent\">\n<div class=\"cmsmasters_row_outer\">\n<div class=\"cmsmasters_row_inner\">\n<div class=\"cmsmasters_row_margin\">\n<div id=\"cmsmasters_column_kvoow04pju\" class=\"cmsmasters_column one_first\">\n<div class=\"cmsmasters_column_inner\"><div id=\"cmsmasters_heading_a2i12uqrmb\" class=\"cmsmasters_heading_wrap cmsmasters_heading_align_center\">\n\t<h3 class=\"cmsmasters_heading\">Castello Lake Front &#8211; Living Suite &#8211; Luna Rossa<\/h3>\n<\/div><div id=\"cmsmasters_heading_u4f2y1q2gk\" class=\"cmsmasters_heading_wrap cmsmasters_heading_align_center\">\n\t<h2 class=\"cmsmasters_heading\">EIN EXKLUSIVER ORT IN MALCESINE F\u00dcR IHREN AUFENTHALT<\/h2>\n<\/div><div id=\"cmsmasters_button_k0cm0d53eu\" class=\"button_wrap\"><a href=\"https:\/\/www.simplebooking.it\/portal\/226?lang=DE&#038;cur=EUR\" class=\"cmsmasters_button\" target=\"_blank\"><span>B\u00dcCHEN SIE JETZT<\/span><\/a><\/div>\n<\/div><\/div>\n<\/div>\n<\/div>\n<\/div>\n<\/div>\n<\/div>\n\n","protected":false},"excerpt":{"rendered":"","protected":false},"author":1,"featured_media":0,"parent":0,"menu_order":0,"comment_status":"closed","ping_status":"closed","template":"","meta":{"om_disable_all_campaigns":false,"_monsterinsights_skip_tracking":false,"_monsterinsights_sitenote_active":false,"_monsterinsights_sitenote_note":"","_monsterinsights_sitenote_category":0,"footnotes":""},"class_list":["post-18638","page","type-page","status-publish","hentry"],"yoast_head":"<!-- This site is optimized with the Yoast SEO plugin v26.8 - https:\/\/yoast.com\/product\/yoast-seo-wordpress\/ -->\n<title>F.A.Q. - Hotel Malcesine : CASTELLO LAKE FRONT - LIVING SUITE - LUNA ROSSA<\/title>\n<meta name=\"robots\" content=\"index, follow, max-snippet:-1, max-image-preview:large, max-video-preview:-1\" \/>\n<link rel=\"canonical\" href=\"https:\/\/www.h-c.it\/de\/fragen-und-antworten\/\" \/>\n<meta property=\"og:locale\" content=\"de_DE\" \/>\n<meta property=\"og:type\" content=\"article\" \/>\n<meta property=\"og:title\" content=\"F.A.Q. - Hotel Malcesine : CASTELLO LAKE FRONT - LIVING SUITE - LUNA ROSSA\" \/>\n<meta property=\"og:url\" content=\"https:\/\/www.h-c.it\/de\/fragen-und-antworten\/\" \/>\n<meta property=\"og:site_name\" content=\"Hotel Malcesine : CASTELLO LAKE FRONT - LIVING SUITE - LUNA ROSSA\" \/>\n<meta property=\"article:modified_time\" content=\"2026-04-19T07:13:37+00:00\" \/>\n<meta name=\"twitter:card\" content=\"summary_large_image\" \/>\n<meta name=\"twitter:label1\" content=\"Gesch\u00e4tzte Lesezeit\" \/>\n\t<meta name=\"twitter:data1\" content=\"5\u00a0Minuten\" \/>\n<script type=\"application\/ld+json\" class=\"yoast-schema-graph\">{\"@context\":\"https:\/\/schema.org\",\"@graph\":[{\"@type\":\"WebPage\",\"@id\":\"https:\/\/www.h-c.it\/de\/fragen-und-antworten\/\",\"url\":\"https:\/\/www.h-c.it\/de\/fragen-und-antworten\/\",\"name\":\"F.A.Q. - Hotel Malcesine : CASTELLO LAKE FRONT - LIVING SUITE - LUNA ROSSA\",\"isPartOf\":{\"@id\":\"https:\/\/www.h-c.it\/#website\"},\"datePublished\":\"2016-06-24T09:34:58+00:00\",\"dateModified\":\"2026-04-19T07:13:37+00:00\",\"breadcrumb\":{\"@id\":\"https:\/\/www.h-c.it\/de\/fragen-und-antworten\/#breadcrumb\"},\"inLanguage\":\"de\",\"potentialAction\":[{\"@type\":\"ReadAction\",\"target\":[\"https:\/\/www.h-c.it\/de\/fragen-und-antworten\/\"]}]},{\"@type\":\"BreadcrumbList\",\"@id\":\"https:\/\/www.h-c.it\/de\/fragen-und-antworten\/#breadcrumb\",\"itemListElement\":[{\"@type\":\"ListItem\",\"position\":1,\"name\":\"Home\",\"item\":\"https:\/\/www.h-c.it\/de\/\"},{\"@type\":\"ListItem\",\"position\":2,\"name\":\"F.A.Q.\"}]},{\"@type\":\"WebSite\",\"@id\":\"https:\/\/www.h-c.it\/#website\",\"url\":\"https:\/\/www.h-c.it\/\",\"name\":\"Hotel Malcesine : CASTELLO LAKE FRONT - LIVING SUITE - LUNA ROSSA\",\"description\":\"UN SOGGIORNO DA SOGNO A MALCESINE\",\"potentialAction\":[{\"@type\":\"SearchAction\",\"target\":{\"@type\":\"EntryPoint\",\"urlTemplate\":\"https:\/\/www.h-c.it\/?s={search_term_string}\"},\"query-input\":{\"@type\":\"PropertyValueSpecification\",\"valueRequired\":true,\"valueName\":\"search_term_string\"}}],\"inLanguage\":\"de\"}]}<\/script>\n<!-- \/ Yoast SEO plugin. -->","yoast_head_json":{"title":"F.A.Q. - Hotel Malcesine : CASTELLO LAKE FRONT - LIVING SUITE - LUNA ROSSA","robots":{"index":"index","follow":"follow","max-snippet":"max-snippet:-1","max-image-preview":"max-image-preview:large","max-video-preview":"max-video-preview:-1"},"canonical":"https:\/\/www.h-c.it\/de\/fragen-und-antworten\/","og_locale":"de_DE","og_type":"article","og_title":"F.A.Q. - Hotel Malcesine : CASTELLO LAKE FRONT - LIVING SUITE - LUNA ROSSA","og_url":"https:\/\/www.h-c.it\/de\/fragen-und-antworten\/","og_site_name":"Hotel Malcesine : CASTELLO LAKE FRONT - LIVING SUITE - LUNA ROSSA","article_modified_time":"2026-04-19T07:13:37+00:00","twitter_card":"summary_large_image","twitter_misc":{"Gesch\u00e4tzte Lesezeit":"5\u00a0Minuten"},"schema":{"@context":"https:\/\/schema.org","@graph":[{"@type":"WebPage","@id":"https:\/\/www.h-c.it\/de\/fragen-und-antworten\/","url":"https:\/\/www.h-c.it\/de\/fragen-und-antworten\/","name":"F.A.Q. - Hotel Malcesine : CASTELLO LAKE FRONT - LIVING SUITE - LUNA ROSSA","isPartOf":{"@id":"https:\/\/www.h-c.it\/#website"},"datePublished":"2016-06-24T09:34:58+00:00","dateModified":"2026-04-19T07:13:37+00:00","breadcrumb":{"@id":"https:\/\/www.h-c.it\/de\/fragen-und-antworten\/#breadcrumb"},"inLanguage":"de","potentialAction":[{"@type":"ReadAction","target":["https:\/\/www.h-c.it\/de\/fragen-und-antworten\/"]}]},{"@type":"BreadcrumbList","@id":"https:\/\/www.h-c.it\/de\/fragen-und-antworten\/#breadcrumb","itemListElement":[{"@type":"ListItem","position":1,"name":"Home","item":"https:\/\/www.h-c.it\/de\/"},{"@type":"ListItem","position":2,"name":"F.A.Q."}]},{"@type":"WebSite","@id":"https:\/\/www.h-c.it\/#website","url":"https:\/\/www.h-c.it\/","name":"Hotel Malcesine : CASTELLO LAKE FRONT - LIVING SUITE - LUNA ROSSA","description":"UN SOGGIORNO DA SOGNO A MALCESINE","potentialAction":[{"@type":"SearchAction","target":{"@type":"EntryPoint","urlTemplate":"https:\/\/www.h-c.it\/?s={search_term_string}"},"query-input":{"@type":"PropertyValueSpecification","valueRequired":true,"valueName":"search_term_string"}}],"inLanguage":"de"}]}},"_links":{"self":[{"href":"https:\/\/www.h-c.it\/de\/wp-json\/wp\/v2\/pages\/18638","targetHints":{"allow":["GET"]}}],"collection":[{"href":"https:\/\/www.h-c.it\/de\/wp-json\/wp\/v2\/pages"}],"about":[{"href":"https:\/\/www.h-c.it\/de\/wp-json\/wp\/v2\/types\/page"}],"author":[{"embeddable":true,"href":"https:\/\/www.h-c.it\/de\/wp-json\/wp\/v2\/users\/1"}],"replies":[{"embeddable":true,"href":"https:\/\/www.h-c.it\/de\/wp-json\/wp\/v2\/comments?post=18638"}],"version-history":[{"count":10,"href":"https:\/\/www.h-c.it\/de\/wp-json\/wp\/v2\/pages\/18638\/revisions"}],"predecessor-version":[{"id":21455,"href":"https:\/\/www.h-c.it\/de\/wp-json\/wp\/v2\/pages\/18638\/revisions\/21455"}],"wp:attachment":[{"href":"https:\/\/www.h-c.it\/de\/wp-json\/wp\/v2\/media?parent=18638"}],"curies":[{"name":"wp","href":"https:\/\/api.w.org\/{rel}","templated":true}]}}